{"id":195,"date":"2021-11-08T12:44:58","date_gmt":"2021-11-08T11:44:58","guid":{"rendered":"https:\/\/www.vegaintro-projekti.com\/petras\/?page_id=195"},"modified":"2026-01-12T17:37:04","modified_gmt":"2026-01-12T16:37:04","slug":"favorites","status":"publish","type":"page","link":"https:\/\/test.petrasatelier.com\/wp\/favorites\/","title":{"rendered":"Favorites"},"content":{"rendered":"\t\t\n\t\t\n\t\t<div class=\"\">\n\t\t\t\t\t\t<div class=\"wd-wishlist-content\">\n\t\t\t\t\t\t\t\t\t\t\t\n\t\t<p class=\"wd-empty-wishlist wd-empty-page\">\n\t\t\tThis wishlist is empty.\t\t<\/p>\n\n\t\t\t\t\t<div class=\"wd-empty-page-text\">\n\t\t\t\tJo\u0161 nemate nijedan proizvod na listi \u017eelja. <br> Na na\u0161oj stranici \"Trgovina\" prona\u0107i \u0107ete mnogo zanimljivih proizvoda.\t\t\t<\/div>\n\t\t\n\t\t\n\t\t\t\t\t<p class=\"return-to-shop\">\n\t\t\t\t<a class=\"button\" href=\"https:\/\/test.petrasatelier.com\/wp\/products\/\">\n\t\t\t\t\tReturn to shop\t\t\t\t<\/a>\n\t\t\t<\/p>\n\t\t\t\t\t\t\t\t\t\t\t<\/div>\n\t\t\t\t<\/div>\n\t\t\n","protected":false},"excerpt":{"rendered":"This wishlist is empty. Jo\u0161 nemate nijedan proizvod na listi \u017eelja. Na na\u0161oj stranici \"Trgovina\" prona\u0107i \u0107ete mnogo zanimljivih proizvoda.","protected":false},"author":219,"featured_media":0,"parent":0,"menu_order":0,"comment_status":"closed","ping_status":"closed","template":"","meta":{"inline_featured_image":false,"footnotes":""},"class_list":["post-195","page","type-page","status-publish","hentry"],"yoast_head":"<!-- This site is optimized with the Yoast SEO plugin v24.4 - https:\/\/yoast.com\/wordpress\/plugins\/seo\/ -->\n<title>Favorites - petras atelier test - handmade jewelry<\/title>\n<meta name=\"robots\" content=\"index, follow, max-snippet:-1, max-image-preview:large, max-video-preview:-1\" \/>\n<link rel=\"canonical\" href=\"https:\/\/test.petrasatelier.com\/wp\/favorites\/\" \/>\n<meta property=\"og:locale\" content=\"en_US\" \/>\n<meta property=\"og:type\" content=\"article\" \/>\n<meta property=\"og:title\" content=\"Favorites - petras atelier test - handmade jewelry\" \/>\n<meta property=\"og:url\" content=\"https:\/\/test.petrasatelier.com\/wp\/favorites\/\" \/>\n<meta property=\"og:site_name\" content=\"petras atelier test\" \/>\n<meta property=\"article:publisher\" content=\"https:\/\/www.facebook.com\/Petrasatelier\/\" \/>\n<meta property=\"article:modified_time\" content=\"2026-01-12T16:37:04+00:00\" \/>\n<meta name=\"twitter:card\" content=\"summary_large_image\" \/>\n<meta name=\"twitter:label1\" content=\"Est. reading time\" \/>\n\t<meta name=\"twitter:data1\" content=\"1 minute\" \/>\n<script type=\"application\/ld+json\" class=\"yoast-schema-graph\">{\"@context\":\"https:\/\/schema.org\",\"@graph\":[{\"@type\":\"WebPage\",\"@id\":\"https:\/\/test.petrasatelier.com\/wp\/favorites\/\",\"url\":\"https:\/\/test.petrasatelier.com\/wp\/favorites\/\",\"name\":\"Favorites - petras atelier test - handmade jewelry\",\"isPartOf\":{\"@id\":\"https:\/\/test.petrasatelier.com\/wp\/#website\"},\"datePublished\":\"2021-11-08T11:44:58+00:00\",\"dateModified\":\"2026-01-12T16:37:04+00:00\",\"inLanguage\":\"en-US\",\"potentialAction\":[{\"@type\":\"ReadAction\",\"target\":[\"https:\/\/test.petrasatelier.com\/wp\/favorites\/\"]}]},{\"@type\":\"WebSite\",\"@id\":\"https:\/\/test.petrasatelier.com\/wp\/#website\",\"url\":\"https:\/\/test.petrasatelier.com\/wp\/\",\"name\":\"petras atelier test\",\"description\":\"handmade jewelry\",\"publisher\":{\"@id\":\"https:\/\/test.petrasatelier.com\/wp\/#organization\"},\"potentialAction\":[{\"@type\":\"SearchAction\",\"target\":{\"@type\":\"EntryPoint\",\"urlTemplate\":\"https:\/\/test.petrasatelier.com\/wp\/?s={search_term_string}\"},\"query-input\":{\"@type\":\"PropertyValueSpecification\",\"valueRequired\":true,\"valueName\":\"search_term_string\"}}],\"inLanguage\":\"en-US\"},{\"@type\":\"Organization\",\"@id\":\"https:\/\/test.petrasatelier.com\/wp\/#organization\",\"name\":\"https:\/\/test.petrasatelier.com\/wp\/terms-conditions\/\",\"url\":\"https:\/\/test.petrasatelier.com\/wp\/\",\"logo\":{\"@type\":\"ImageObject\",\"inLanguage\":\"en-US\",\"@id\":\"https:\/\/test.petrasatelier.com\/wp\/#\/schema\/logo\/image\/\",\"url\":\"https:\/\/test.petrasatelier.com\/wp\/wp-content\/uploads\/2022\/08\/favicon.png\",\"contentUrl\":\"https:\/\/test.petrasatelier.com\/wp\/wp-content\/uploads\/2022\/08\/favicon.png\",\"width\":512,\"height\":512,\"caption\":\"https:\/\/test.petrasatelier.com\/wp\/terms-conditions\/\"},\"image\":{\"@id\":\"https:\/\/test.petrasatelier.com\/wp\/#\/schema\/logo\/image\/\"},\"sameAs\":[\"https:\/\/www.facebook.com\/Petrasatelier\/\",\"https:\/\/www.instagram.com\/petras_atelier\/?hl=en\"]}]}<\/script>\n<!-- \/ Yoast SEO plugin. -->","yoast_head_json":{"title":"Favorites - petras atelier test - handmade jewelry","robots":{"index":"index","follow":"follow","max-snippet":"max-snippet:-1","max-image-preview":"max-image-preview:large","max-video-preview":"max-video-preview:-1"},"canonical":"https:\/\/test.petrasatelier.com\/wp\/favorites\/","og_locale":"en_US","og_type":"article","og_title":"Favorites - petras atelier test - handmade jewelry","og_url":"https:\/\/test.petrasatelier.com\/wp\/favorites\/","og_site_name":"petras atelier test","article_publisher":"https:\/\/www.facebook.com\/Petrasatelier\/","article_modified_time":"2026-01-12T16:37:04+00:00","twitter_card":"summary_large_image","twitter_misc":{"Est. reading time":"1 minute"},"schema":{"@context":"https:\/\/schema.org","@graph":[{"@type":"WebPage","@id":"https:\/\/test.petrasatelier.com\/wp\/favorites\/","url":"https:\/\/test.petrasatelier.com\/wp\/favorites\/","name":"Favorites - petras atelier test - handmade jewelry","isPartOf":{"@id":"https:\/\/test.petrasatelier.com\/wp\/#website"},"datePublished":"2021-11-08T11:44:58+00:00","dateModified":"2026-01-12T16:37:04+00:00","inLanguage":"en-US","potentialAction":[{"@type":"ReadAction","target":["https:\/\/test.petrasatelier.com\/wp\/favorites\/"]}]},{"@type":"WebSite","@id":"https:\/\/test.petrasatelier.com\/wp\/#website","url":"https:\/\/test.petrasatelier.com\/wp\/","name":"petras atelier test","description":"handmade jewelry","publisher":{"@id":"https:\/\/test.petrasatelier.com\/wp\/#organization"},"potentialAction":[{"@type":"SearchAction","target":{"@type":"EntryPoint","urlTemplate":"https:\/\/test.petrasatelier.com\/wp\/?s={search_term_string}"},"query-input":{"@type":"PropertyValueSpecification","valueRequired":true,"valueName":"search_term_string"}}],"inLanguage":"en-US"},{"@type":"Organization","@id":"https:\/\/test.petrasatelier.com\/wp\/#organization","name":"https:\/\/test.petrasatelier.com\/wp\/terms-conditions\/","url":"https:\/\/test.petrasatelier.com\/wp\/","logo":{"@type":"ImageObject","inLanguage":"en-US","@id":"https:\/\/test.petrasatelier.com\/wp\/#\/schema\/logo\/image\/","url":"https:\/\/test.petrasatelier.com\/wp\/wp-content\/uploads\/2022\/08\/favicon.png","contentUrl":"https:\/\/test.petrasatelier.com\/wp\/wp-content\/uploads\/2022\/08\/favicon.png","width":512,"height":512,"caption":"https:\/\/test.petrasatelier.com\/wp\/terms-conditions\/"},"image":{"@id":"https:\/\/test.petrasatelier.com\/wp\/#\/schema\/logo\/image\/"},"sameAs":["https:\/\/www.facebook.com\/Petrasatelier\/","https:\/\/www.instagram.com\/petras_atelier\/?hl=en"]}]}},"lang":"en","translations":{"en":195,"hr":1908},"pll_sync_post":[],"_links":{"self":[{"href":"https:\/\/test.petrasatelier.com\/wp\/wp-json\/wp\/v2\/pages\/195","targetHints":{"allow":["GET"]}}],"collection":[{"href":"https:\/\/test.petrasatelier.com\/wp\/wp-json\/wp\/v2\/pages"}],"about":[{"href":"https:\/\/test.petrasatelier.com\/wp\/wp-json\/wp\/v2\/types\/page"}],"author":[{"embeddable":true,"href":"https:\/\/test.petrasatelier.com\/wp\/wp-json\/wp\/v2\/users\/219"}],"replies":[{"embeddable":true,"href":"https:\/\/test.petrasatelier.com\/wp\/wp-json\/wp\/v2\/comments?post=195"}],"version-history":[{"count":2,"href":"https:\/\/test.petrasatelier.com\/wp\/wp-json\/wp\/v2\/pages\/195\/revisions"}],"predecessor-version":[{"id":2283,"href":"https:\/\/test.petrasatelier.com\/wp\/wp-json\/wp\/v2\/pages\/195\/revisions\/2283"}],"wp:attachment":[{"href":"https:\/\/test.petrasatelier.com\/wp\/wp-json\/wp\/v2\/media?parent=195"}],"curies":[{"name":"wp","href":"https:\/\/api.w.org\/{rel}","templated":true}]}}