{"id":2341,"date":"2026-01-13T17:05:37","date_gmt":"2026-01-13T16:05:37","guid":{"rendered":"https:\/\/test.petrasatelier.com\/wp\/?post_type=product&#038;p=2341"},"modified":"2026-02-10T20:11:40","modified_gmt":"2026-02-10T19:11:40","slug":"srebrni-val","status":"publish","type":"product","link":"https:\/\/test.petrasatelier.com\/wp\/hr\/proizvod\/srebrni-val\/","title":{"rendered":"Srebrni val"},"content":{"rendered":"<p style=\"text-align: left;\"><span style=\"font-weight: 400;\">Ogrlica Srebrni val oblikovana je na tankoj \u010deli\u010dnoj sajli, s nizom sitnih aluminijskih elemenata i hematita koji tvore suptilan, ritmi\u010dan naglasak. Forma je svedena i gotovo neprimjetna, s fokusom na liniju i odnos materijala.<\/span><\/p>\n<p style=\"text-align: left;\"><span style=\"font-weight: 400;\">Aluminij unosi laganu, mat teksturu, dok hematit daje tamniji, mirniji kontrapunkt. Svi elementi ostaju malog volumena i precizno raspore\u0111eni, bez dominacije ili vizualne te\u017eine.<\/span><\/p>\n<p style=\"text-align: left;\"><span style=\"font-weight: 400;\">Ovaj dizajn pripada Invisible liniji, a definiran je minimalnom intervencijom i osje\u0107ajem lako\u0107e, pozicioniraju\u0107i ogrlicu unutar Invisible linije kao suptilan, ali promi\u0161ljen element.<\/span><\/p>\n<p style=\"text-align: left;\"><span style=\"font-weight: 400;\">Svaki komad nakita izra\u0111en je ru\u010dno, zbog \u010dega su mogu\u0107e suptilne razlike u obliku, rasporedu ili povr\u0161ini elemenata. Te razlike dio su procesa izrade i \u010dine svaki primjerak jedinstvenim.<\/span><\/p>\n<p style=\"text-align: left;\"><strong>Dodatne informacije<\/strong><\/p>\n<p style=\"text-align: left;\"><span style=\"font-weight: 400;\"><br \/>\n<\/span><span style=\"font-weight: 400;\">Materijal: medicinski \u010delik, aluminij, hematit, \u010deli\u010dna sajla<\/span><span style=\"font-weight: 400;\"><br \/>\n<\/span><span style=\"font-weight: 400;\">Dimenzije: 45 cm<\/span><span style=\"font-weight: 400;\"><br \/>\n<\/span><span style=\"font-weight: 400;\">Tehnika: spajanje, savijanje<\/span><span style=\"font-weight: 400;\"><br \/>\n<\/span><span style=\"font-weight: 400;\">Kolekcija: Everyday<\/span><span style=\"font-weight: 400;\"><br \/>\n<\/span><span style=\"font-weight: 400;\">Ru\u010dno izra\u0111eno u Hrvatskoj<\/span><\/p>\n","protected":false},"excerpt":{"rendered":"<p style=\"text-align: left;\"><span style=\"font-weight: 400;\">Ru\u010dno ra\u0111ena ogrlica s \u010deli\u010dnom sajlom, aluminijskim elementima i hematitom, oblikovana kao diskretan Invisible komad.<\/span><\/p>\n<p style=\"text-align: left;\"><span style=\"font-weight: 400;\">Dostava unutar Hrvatske iznosi 4,90 \u20ac, a za narud\u017ebe iznad 90 \u20ac je besplatna. Detalje dostave pogledajte <\/span><a href=\"https:\/\/test.petrasatelier.com\/wp\/hr\/uvjeti-poslovanja\/#dostava\"><b>ovdje<\/b><\/a><span style=\"font-weight: 400;\">.<\/span><\/p>\n","protected":false},"featured_media":2343,"template":"","meta":{"inline_featured_image":false},"product_brand":[],"product_cat":[90],"product_tag":[],"class_list":{"0":"post-2341","1":"product","2":"type-product","3":"status-publish","4":"has-post-thumbnail","6":"product_cat-ogrlica","8":"first","9":"instock","10":"sold-individually","11":"shipping-taxable","12":"purchasable","13":"product-type-simple"},"yoast_head":"<!-- This site is optimized with the Yoast SEO plugin v24.4 - https:\/\/yoast.com\/wordpress\/plugins\/seo\/ -->\n<title>Srebrni val - petras atelier test<\/title>\n<meta name=\"robots\" content=\"index, follow, max-snippet:-1, max-image-preview:large, max-video-preview:-1\" \/>\n<link rel=\"canonical\" href=\"https:\/\/test.petrasatelier.com\/wp\/hr\/proizvod\/srebrni-val\/\" \/>\n<meta property=\"og:locale\" content=\"en_US\" \/>\n<meta property=\"og:type\" content=\"article\" \/>\n<meta property=\"og:title\" content=\"Srebrni val - petras atelier test\" \/>\n<meta property=\"og:description\" content=\"Ru\u010dno ra\u0111ena ogrlica s \u010deli\u010dnom sajlom, aluminijskim elementima i hematitom, oblikovana kao diskretan Invisible komad. Dostava unutar Hrvatske iznosi 4,90 \u20ac, a za narud\u017ebe iznad 90 \u20ac je besplatna. Detalje dostave pogledajte ovdje.\" \/>\n<meta property=\"og:url\" content=\"https:\/\/test.petrasatelier.com\/wp\/hr\/proizvod\/srebrni-val\/\" \/>\n<meta property=\"og:site_name\" content=\"petras atelier test\" \/>\n<meta property=\"article:publisher\" content=\"https:\/\/www.facebook.com\/Petrasatelier\/\" \/>\n<meta property=\"article:modified_time\" content=\"2026-02-10T19:11:40+00:00\" \/>\n<meta property=\"og:image\" content=\"https:\/\/test.petrasatelier.com\/wp\/wp-content\/uploads\/2026\/01\/ogrlica-Srebrni-val-1.jpg\" \/>\n\t<meta property=\"og:image:width\" content=\"1200\" \/>\n\t<meta property=\"og:image:height\" content=\"1200\" \/>\n\t<meta property=\"og:image:type\" content=\"image\/jpeg\" \/>\n<meta name=\"twitter:card\" content=\"summary_large_image\" \/>\n<meta name=\"twitter:label1\" content=\"Est. reading time\" \/>\n\t<meta name=\"twitter:data1\" content=\"1 minute\" \/>\n<script type=\"application\/ld+json\" class=\"yoast-schema-graph\">{\"@context\":\"https:\/\/schema.org\",\"@graph\":[{\"@type\":\"WebPage\",\"@id\":\"https:\/\/test.petrasatelier.com\/wp\/hr\/proizvod\/srebrni-val\/\",\"url\":\"https:\/\/test.petrasatelier.com\/wp\/hr\/proizvod\/srebrni-val\/\",\"name\":\"Srebrni val - petras atelier test\",\"isPartOf\":{\"@id\":\"https:\/\/test.petrasatelier.com\/wp\/#website\"},\"primaryImageOfPage\":{\"@id\":\"https:\/\/test.petrasatelier.com\/wp\/hr\/proizvod\/srebrni-val\/#primaryimage\"},\"image\":{\"@id\":\"https:\/\/test.petrasatelier.com\/wp\/hr\/proizvod\/srebrni-val\/#primaryimage\"},\"thumbnailUrl\":\"https:\/\/test.petrasatelier.com\/wp\/wp-content\/uploads\/2026\/01\/ogrlica-Srebrni-val-1.jpg\",\"datePublished\":\"2026-01-13T16:05:37+00:00\",\"dateModified\":\"2026-02-10T19:11:40+00:00\",\"breadcrumb\":{\"@id\":\"https:\/\/test.petrasatelier.com\/wp\/hr\/proizvod\/srebrni-val\/#breadcrumb\"},\"inLanguage\":\"en-US\",\"potentialAction\":[{\"@type\":\"ReadAction\",\"target\":[\"https:\/\/test.petrasatelier.com\/wp\/hr\/proizvod\/srebrni-val\/\"]}]},{\"@type\":\"ImageObject\",\"inLanguage\":\"en-US\",\"@id\":\"https:\/\/test.petrasatelier.com\/wp\/hr\/proizvod\/srebrni-val\/#primaryimage\",\"url\":\"https:\/\/test.petrasatelier.com\/wp\/wp-content\/uploads\/2026\/01\/ogrlica-Srebrni-val-1.jpg\",\"contentUrl\":\"https:\/\/test.petrasatelier.com\/wp\/wp-content\/uploads\/2026\/01\/ogrlica-Srebrni-val-1.jpg\",\"width\":1200,\"height\":1200,\"caption\":\"Ogrlica Srebrni val s aluminijskim elementima i hematitom na \u010deli\u010dnoj sajli\"},{\"@type\":\"BreadcrumbList\",\"@id\":\"https:\/\/test.petrasatelier.com\/wp\/hr\/proizvod\/srebrni-val\/#breadcrumb\",\"itemListElement\":[{\"@type\":\"ListItem\",\"position\":1,\"name\":\"Products\",\"item\":\"https:\/\/test.petrasatelier.com\/wp\/products\/\"},{\"@type\":\"ListItem\",\"position\":2,\"name\":\"Ogrlica\",\"item\":\"https:\/\/test.petrasatelier.com\/wp\/hr\/kategorija-proizvoda\/ogrlica\/\"},{\"@type\":\"ListItem\",\"position\":3,\"name\":\"Srebrni val\"}]},{\"@type\":\"WebSite\",\"@id\":\"https:\/\/test.petrasatelier.com\/wp\/#website\",\"url\":\"https:\/\/test.petrasatelier.com\/wp\/\",\"name\":\"petras atelier test\",\"description\":\"handmade jewelry\",\"publisher\":{\"@id\":\"https:\/\/test.petrasatelier.com\/wp\/#organization\"},\"potentialAction\":[{\"@type\":\"SearchAction\",\"target\":{\"@type\":\"EntryPoint\",\"urlTemplate\":\"https:\/\/test.petrasatelier.com\/wp\/?s={search_term_string}\"},\"query-input\":{\"@type\":\"PropertyValueSpecification\",\"valueRequired\":true,\"valueName\":\"search_term_string\"}}],\"inLanguage\":\"en-US\"},{\"@type\":\"Organization\",\"@id\":\"https:\/\/test.petrasatelier.com\/wp\/#organization\",\"name\":\"https:\/\/test.petrasatelier.com\/wp\/terms-conditions\/\",\"url\":\"https:\/\/test.petrasatelier.com\/wp\/\",\"logo\":{\"@type\":\"ImageObject\",\"inLanguage\":\"en-US\",\"@id\":\"https:\/\/test.petrasatelier.com\/wp\/#\/schema\/logo\/image\/\",\"url\":\"https:\/\/test.petrasatelier.com\/wp\/wp-content\/uploads\/2022\/08\/favicon.png\",\"contentUrl\":\"https:\/\/test.petrasatelier.com\/wp\/wp-content\/uploads\/2022\/08\/favicon.png\",\"width\":512,\"height\":512,\"caption\":\"https:\/\/test.petrasatelier.com\/wp\/terms-conditions\/\"},\"image\":{\"@id\":\"https:\/\/test.petrasatelier.com\/wp\/#\/schema\/logo\/image\/\"},\"sameAs\":[\"https:\/\/www.facebook.com\/Petrasatelier\/\",\"https:\/\/www.instagram.com\/petras_atelier\/?hl=en\"]}]}<\/script>\n<!-- \/ Yoast SEO plugin. -->","yoast_head_json":{"title":"Srebrni val - petras atelier test","robots":{"index":"index","follow":"follow","max-snippet":"max-snippet:-1","max-image-preview":"max-image-preview:large","max-video-preview":"max-video-preview:-1"},"canonical":"https:\/\/test.petrasatelier.com\/wp\/hr\/proizvod\/srebrni-val\/","og_locale":"en_US","og_type":"article","og_title":"Srebrni val - petras atelier test","og_description":"Ru\u010dno ra\u0111ena ogrlica s \u010deli\u010dnom sajlom, aluminijskim elementima i hematitom, oblikovana kao diskretan Invisible komad. Dostava unutar Hrvatske iznosi 4,90 \u20ac, a za narud\u017ebe iznad 90 \u20ac je besplatna. Detalje dostave pogledajte ovdje.","og_url":"https:\/\/test.petrasatelier.com\/wp\/hr\/proizvod\/srebrni-val\/","og_site_name":"petras atelier test","article_publisher":"https:\/\/www.facebook.com\/Petrasatelier\/","article_modified_time":"2026-02-10T19:11:40+00:00","og_image":[{"width":1200,"height":1200,"url":"https:\/\/test.petrasatelier.com\/wp\/wp-content\/uploads\/2026\/01\/ogrlica-Srebrni-val-1.jpg","type":"image\/jpeg"}],"twitter_card":"summary_large_image","twitter_misc":{"Est. reading time":"1 minute"},"schema":{"@context":"https:\/\/schema.org","@graph":[{"@type":"WebPage","@id":"https:\/\/test.petrasatelier.com\/wp\/hr\/proizvod\/srebrni-val\/","url":"https:\/\/test.petrasatelier.com\/wp\/hr\/proizvod\/srebrni-val\/","name":"Srebrni val - petras atelier test","isPartOf":{"@id":"https:\/\/test.petrasatelier.com\/wp\/#website"},"primaryImageOfPage":{"@id":"https:\/\/test.petrasatelier.com\/wp\/hr\/proizvod\/srebrni-val\/#primaryimage"},"image":{"@id":"https:\/\/test.petrasatelier.com\/wp\/hr\/proizvod\/srebrni-val\/#primaryimage"},"thumbnailUrl":"https:\/\/test.petrasatelier.com\/wp\/wp-content\/uploads\/2026\/01\/ogrlica-Srebrni-val-1.jpg","datePublished":"2026-01-13T16:05:37+00:00","dateModified":"2026-02-10T19:11:40+00:00","breadcrumb":{"@id":"https:\/\/test.petrasatelier.com\/wp\/hr\/proizvod\/srebrni-val\/#breadcrumb"},"inLanguage":"en-US","potentialAction":[{"@type":"ReadAction","target":["https:\/\/test.petrasatelier.com\/wp\/hr\/proizvod\/srebrni-val\/"]}]},{"@type":"ImageObject","inLanguage":"en-US","@id":"https:\/\/test.petrasatelier.com\/wp\/hr\/proizvod\/srebrni-val\/#primaryimage","url":"https:\/\/test.petrasatelier.com\/wp\/wp-content\/uploads\/2026\/01\/ogrlica-Srebrni-val-1.jpg","contentUrl":"https:\/\/test.petrasatelier.com\/wp\/wp-content\/uploads\/2026\/01\/ogrlica-Srebrni-val-1.jpg","width":1200,"height":1200,"caption":"Ogrlica Srebrni val s aluminijskim elementima i hematitom na \u010deli\u010dnoj sajli"},{"@type":"BreadcrumbList","@id":"https:\/\/test.petrasatelier.com\/wp\/hr\/proizvod\/srebrni-val\/#breadcrumb","itemListElement":[{"@type":"ListItem","position":1,"name":"Products","item":"https:\/\/test.petrasatelier.com\/wp\/products\/"},{"@type":"ListItem","position":2,"name":"Ogrlica","item":"https:\/\/test.petrasatelier.com\/wp\/hr\/kategorija-proizvoda\/ogrlica\/"},{"@type":"ListItem","position":3,"name":"Srebrni val"}]},{"@type":"WebSite","@id":"https:\/\/test.petrasatelier.com\/wp\/#website","url":"https:\/\/test.petrasatelier.com\/wp\/","name":"petras atelier test","description":"handmade jewelry","publisher":{"@id":"https:\/\/test.petrasatelier.com\/wp\/#organization"},"potentialAction":[{"@type":"SearchAction","target":{"@type":"EntryPoint","urlTemplate":"https:\/\/test.petrasatelier.com\/wp\/?s={search_term_string}"},"query-input":{"@type":"PropertyValueSpecification","valueRequired":true,"valueName":"search_term_string"}}],"inLanguage":"en-US"},{"@type":"Organization","@id":"https:\/\/test.petrasatelier.com\/wp\/#organization","name":"https:\/\/test.petrasatelier.com\/wp\/terms-conditions\/","url":"https:\/\/test.petrasatelier.com\/wp\/","logo":{"@type":"ImageObject","inLanguage":"en-US","@id":"https:\/\/test.petrasatelier.com\/wp\/#\/schema\/logo\/image\/","url":"https:\/\/test.petrasatelier.com\/wp\/wp-content\/uploads\/2022\/08\/favicon.png","contentUrl":"https:\/\/test.petrasatelier.com\/wp\/wp-content\/uploads\/2022\/08\/favicon.png","width":512,"height":512,"caption":"https:\/\/test.petrasatelier.com\/wp\/terms-conditions\/"},"image":{"@id":"https:\/\/test.petrasatelier.com\/wp\/#\/schema\/logo\/image\/"},"sameAs":["https:\/\/www.facebook.com\/Petrasatelier\/","https:\/\/www.instagram.com\/petras_atelier\/?hl=en"]}]}},"lang":"hr","translations":{"hr":2341,"en":2344},"pll_sync_post":[],"_links":{"self":[{"href":"https:\/\/test.petrasatelier.com\/wp\/wp-json\/wp\/v2\/product\/2341","targetHints":{"allow":["GET"]}}],"collection":[{"href":"https:\/\/test.petrasatelier.com\/wp\/wp-json\/wp\/v2\/product"}],"about":[{"href":"https:\/\/test.petrasatelier.com\/wp\/wp-json\/wp\/v2\/types\/product"}],"wp:featuredmedia":[{"embeddable":true,"href":"https:\/\/test.petrasatelier.com\/wp\/wp-json\/wp\/v2\/media\/2343"}],"wp:attachment":[{"href":"https:\/\/test.petrasatelier.com\/wp\/wp-json\/wp\/v2\/media?parent=2341"}],"wp:term":[{"taxonomy":"product_brand","embeddable":true,"href":"https:\/\/test.petrasatelier.com\/wp\/wp-json\/wp\/v2\/product_brand?post=2341"},{"taxonomy":"product_cat","embeddable":true,"href":"https:\/\/test.petrasatelier.com\/wp\/wp-json\/wp\/v2\/product_cat?post=2341"},{"taxonomy":"product_tag","embeddable":true,"href":"https:\/\/test.petrasatelier.com\/wp\/wp-json\/wp\/v2\/product_tag?post=2341"}],"curies":[{"name":"wp","href":"https:\/\/api.w.org\/{rel}","templated":true}]}}