{"id":2347,"date":"2026-01-13T17:17:50","date_gmt":"2026-01-13T16:17:50","guid":{"rendered":"https:\/\/test.petrasatelier.com\/wp\/?post_type=product&#038;p=2347"},"modified":"2026-01-13T17:19:15","modified_gmt":"2026-01-13T16:19:15","slug":"medeni-sjaj","status":"publish","type":"product","link":"https:\/\/test.petrasatelier.com\/wp\/hr\/proizvod\/medeni-sjaj\/","title":{"rendered":"Medeni sjaj"},"content":{"rendered":"<p style=\"text-align: left;\"><span style=\"font-weight: 400;\">Ogrlica Medeni sjaj oblikovana je kao slojevita kompozicija sitnih staklenih kristala u toplim, medenim tonovima. Vi\u0161estruke niti stvaraju bogat, ali uravnote\u017een ritam koji nagla\u0161ava dubinu boje i igru svjetla na povr\u0161ini kristala.<\/span><\/p>\n<p style=\"text-align: left;\"><span style=\"font-weight: 400;\">Metalni elementi od mjedi unose strukturu i vizualni oslonac unutar kompozicije, dok antialergijska kop\u010da od medicinskog \u010delika osigurava funkcionalnost i ugodu pri no\u0161enju. Odnos sjaja kristala i topline metala ostaje skladan i kontroliran.<\/span><\/p>\n<p style=\"text-align: left;\"><span style=\"font-weight: 400;\">Ovaj komad definiran je bojom, slojevito\u0161\u0107u i jasno\u0107om kompozicije, pozicioniraju\u0107i ogrlicu kao izra\u017een, ali profinjen Statement unutar kolekcije.<\/span><\/p>\n<p style=\"text-align: left;\"><span style=\"font-weight: 400;\">Svaki komad nakita izra\u0111en je ru\u010dno, zbog \u010dega su mogu\u0107e suptilne razlike u obliku, rasporedu ili nijansi materijala. Te razlike dio su procesa izrade i \u010dine svaki primjerak jedinstvenim.<\/span><\/p>\n<p style=\"text-align: left;\">\n<p style=\"text-align: left;\"><strong>Dodatne informacije<\/strong><\/p>\n<p style=\"text-align: left;\"><span style=\"font-weight: 400;\"><br \/>\n<\/span><span style=\"font-weight: 400;\">Materijal: stakleni kristali, mjed, antialergijski medicinski \u010delik (kop\u010da)<\/span><span style=\"font-weight: 400;\"><br \/>\n<\/span><span style=\"font-weight: 400;\">Dimenzije: 46 cm<\/span><span style=\"font-weight: 400;\"><br \/>\n<\/span><span style=\"font-weight: 400;\">Tehnika: spajanje, savijanje<\/span><span style=\"font-weight: 400;\"><br \/>\n<\/span><span style=\"font-weight: 400;\">Kolekcija: Statement<\/span><span style=\"font-weight: 400;\"><br \/>\n<\/span><span style=\"font-weight: 400;\">Ru\u010dno izra\u0111eno u Hrvatskoj<\/span><\/p>\n","protected":false},"excerpt":{"rendered":"<p style=\"text-align: left;\"><span style=\"font-weight: 400;\">Ru\u010dno ra\u0111ena ogrlica od staklenih kristala i mjedi, oblikovana kao slojeviti Statement komad toplog kolorita.<\/span><\/p>\n<p style=\"text-align: left;\"><span style=\"font-weight: 400;\">Dostava unutar Hrvatske iznosi 4,90 \u20ac, a za narud\u017ebe iznad 90 \u20ac je besplatna. Detalje dostave pogledajte <\/span><a href=\"https:\/\/test.petrasatelier.com\/wp\/hr\/uvjeti-poslovanja\/#dostava\"><b>ovdje<\/b><\/a><span style=\"font-weight: 400;\">.<\/span><\/p>\n","protected":false},"featured_media":2349,"template":"","meta":{"inline_featured_image":false},"product_brand":[],"product_cat":[90],"product_tag":[],"class_list":{"0":"post-2347","1":"product","2":"type-product","3":"status-publish","4":"has-post-thumbnail","6":"product_cat-ogrlica","8":"first","9":"instock","10":"sold-individually","11":"shipping-taxable","12":"purchasable","13":"product-type-simple"},"yoast_head":"<!-- This site is optimized with the Yoast SEO plugin v24.4 - https:\/\/yoast.com\/wordpress\/plugins\/seo\/ -->\n<title>Medeni sjaj - petras atelier test<\/title>\n<meta name=\"robots\" content=\"index, follow, max-snippet:-1, max-image-preview:large, max-video-preview:-1\" \/>\n<link rel=\"canonical\" href=\"https:\/\/test.petrasatelier.com\/wp\/hr\/proizvod\/medeni-sjaj\/\" \/>\n<meta property=\"og:locale\" content=\"en_US\" \/>\n<meta property=\"og:type\" content=\"article\" \/>\n<meta property=\"og:title\" content=\"Medeni sjaj - petras atelier test\" \/>\n<meta property=\"og:description\" content=\"Ru\u010dno ra\u0111ena ogrlica od staklenih kristala i mjedi, oblikovana kao slojeviti Statement komad toplog kolorita. Dostava unutar Hrvatske iznosi 4,90 \u20ac, a za narud\u017ebe iznad 90 \u20ac je besplatna. Detalje dostave pogledajte ovdje.\" \/>\n<meta property=\"og:url\" content=\"https:\/\/test.petrasatelier.com\/wp\/hr\/proizvod\/medeni-sjaj\/\" \/>\n<meta property=\"og:site_name\" content=\"petras atelier test\" \/>\n<meta property=\"article:publisher\" content=\"https:\/\/www.facebook.com\/Petrasatelier\/\" \/>\n<meta property=\"article:modified_time\" content=\"2026-01-13T16:19:15+00:00\" \/>\n<meta property=\"og:image\" content=\"https:\/\/test.petrasatelier.com\/wp\/wp-content\/uploads\/2026\/01\/ogrlica-Medeni-sjaj-secondary.jpg\" \/>\n\t<meta property=\"og:image:width\" content=\"1200\" \/>\n\t<meta property=\"og:image:height\" content=\"1200\" \/>\n\t<meta property=\"og:image:type\" content=\"image\/jpeg\" \/>\n<meta name=\"twitter:card\" content=\"summary_large_image\" \/>\n<meta name=\"twitter:label1\" content=\"Est. reading time\" \/>\n\t<meta name=\"twitter:data1\" content=\"1 minute\" \/>\n<script type=\"application\/ld+json\" class=\"yoast-schema-graph\">{\"@context\":\"https:\/\/schema.org\",\"@graph\":[{\"@type\":\"WebPage\",\"@id\":\"https:\/\/test.petrasatelier.com\/wp\/hr\/proizvod\/medeni-sjaj\/\",\"url\":\"https:\/\/test.petrasatelier.com\/wp\/hr\/proizvod\/medeni-sjaj\/\",\"name\":\"Medeni sjaj - petras atelier test\",\"isPartOf\":{\"@id\":\"https:\/\/test.petrasatelier.com\/wp\/#website\"},\"primaryImageOfPage\":{\"@id\":\"https:\/\/test.petrasatelier.com\/wp\/hr\/proizvod\/medeni-sjaj\/#primaryimage\"},\"image\":{\"@id\":\"https:\/\/test.petrasatelier.com\/wp\/hr\/proizvod\/medeni-sjaj\/#primaryimage\"},\"thumbnailUrl\":\"https:\/\/test.petrasatelier.com\/wp\/wp-content\/uploads\/2026\/01\/ogrlica-Medeni-sjaj-secondary.jpg\",\"datePublished\":\"2026-01-13T16:17:50+00:00\",\"dateModified\":\"2026-01-13T16:19:15+00:00\",\"breadcrumb\":{\"@id\":\"https:\/\/test.petrasatelier.com\/wp\/hr\/proizvod\/medeni-sjaj\/#breadcrumb\"},\"inLanguage\":\"en-US\",\"potentialAction\":[{\"@type\":\"ReadAction\",\"target\":[\"https:\/\/test.petrasatelier.com\/wp\/hr\/proizvod\/medeni-sjaj\/\"]}]},{\"@type\":\"ImageObject\",\"inLanguage\":\"en-US\",\"@id\":\"https:\/\/test.petrasatelier.com\/wp\/hr\/proizvod\/medeni-sjaj\/#primaryimage\",\"url\":\"https:\/\/test.petrasatelier.com\/wp\/wp-content\/uploads\/2026\/01\/ogrlica-Medeni-sjaj-secondary.jpg\",\"contentUrl\":\"https:\/\/test.petrasatelier.com\/wp\/wp-content\/uploads\/2026\/01\/ogrlica-Medeni-sjaj-secondary.jpg\",\"width\":1200,\"height\":1200,\"caption\":\"Ogrlica Medeni sjaj od staklenih kristala i mjedi\"},{\"@type\":\"BreadcrumbList\",\"@id\":\"https:\/\/test.petrasatelier.com\/wp\/hr\/proizvod\/medeni-sjaj\/#breadcrumb\",\"itemListElement\":[{\"@type\":\"ListItem\",\"position\":1,\"name\":\"Products\",\"item\":\"https:\/\/test.petrasatelier.com\/wp\/products\/\"},{\"@type\":\"ListItem\",\"position\":2,\"name\":\"Ogrlica\",\"item\":\"https:\/\/test.petrasatelier.com\/wp\/hr\/kategorija-proizvoda\/ogrlica\/\"},{\"@type\":\"ListItem\",\"position\":3,\"name\":\"Medeni sjaj\"}]},{\"@type\":\"WebSite\",\"@id\":\"https:\/\/test.petrasatelier.com\/wp\/#website\",\"url\":\"https:\/\/test.petrasatelier.com\/wp\/\",\"name\":\"petras atelier test\",\"description\":\"handmade jewelry\",\"publisher\":{\"@id\":\"https:\/\/test.petrasatelier.com\/wp\/#organization\"},\"potentialAction\":[{\"@type\":\"SearchAction\",\"target\":{\"@type\":\"EntryPoint\",\"urlTemplate\":\"https:\/\/test.petrasatelier.com\/wp\/?s={search_term_string}\"},\"query-input\":{\"@type\":\"PropertyValueSpecification\",\"valueRequired\":true,\"valueName\":\"search_term_string\"}}],\"inLanguage\":\"en-US\"},{\"@type\":\"Organization\",\"@id\":\"https:\/\/test.petrasatelier.com\/wp\/#organization\",\"name\":\"https:\/\/test.petrasatelier.com\/wp\/terms-conditions\/\",\"url\":\"https:\/\/test.petrasatelier.com\/wp\/\",\"logo\":{\"@type\":\"ImageObject\",\"inLanguage\":\"en-US\",\"@id\":\"https:\/\/test.petrasatelier.com\/wp\/#\/schema\/logo\/image\/\",\"url\":\"https:\/\/test.petrasatelier.com\/wp\/wp-content\/uploads\/2022\/08\/favicon.png\",\"contentUrl\":\"https:\/\/test.petrasatelier.com\/wp\/wp-content\/uploads\/2022\/08\/favicon.png\",\"width\":512,\"height\":512,\"caption\":\"https:\/\/test.petrasatelier.com\/wp\/terms-conditions\/\"},\"image\":{\"@id\":\"https:\/\/test.petrasatelier.com\/wp\/#\/schema\/logo\/image\/\"},\"sameAs\":[\"https:\/\/www.facebook.com\/Petrasatelier\/\",\"https:\/\/www.instagram.com\/petras_atelier\/?hl=en\"]}]}<\/script>\n<!-- \/ Yoast SEO plugin. -->","yoast_head_json":{"title":"Medeni sjaj - petras atelier test","robots":{"index":"index","follow":"follow","max-snippet":"max-snippet:-1","max-image-preview":"max-image-preview:large","max-video-preview":"max-video-preview:-1"},"canonical":"https:\/\/test.petrasatelier.com\/wp\/hr\/proizvod\/medeni-sjaj\/","og_locale":"en_US","og_type":"article","og_title":"Medeni sjaj - petras atelier test","og_description":"Ru\u010dno ra\u0111ena ogrlica od staklenih kristala i mjedi, oblikovana kao slojeviti Statement komad toplog kolorita. Dostava unutar Hrvatske iznosi 4,90 \u20ac, a za narud\u017ebe iznad 90 \u20ac je besplatna. Detalje dostave pogledajte ovdje.","og_url":"https:\/\/test.petrasatelier.com\/wp\/hr\/proizvod\/medeni-sjaj\/","og_site_name":"petras atelier test","article_publisher":"https:\/\/www.facebook.com\/Petrasatelier\/","article_modified_time":"2026-01-13T16:19:15+00:00","og_image":[{"width":1200,"height":1200,"url":"https:\/\/test.petrasatelier.com\/wp\/wp-content\/uploads\/2026\/01\/ogrlica-Medeni-sjaj-secondary.jpg","type":"image\/jpeg"}],"twitter_card":"summary_large_image","twitter_misc":{"Est. reading time":"1 minute"},"schema":{"@context":"https:\/\/schema.org","@graph":[{"@type":"WebPage","@id":"https:\/\/test.petrasatelier.com\/wp\/hr\/proizvod\/medeni-sjaj\/","url":"https:\/\/test.petrasatelier.com\/wp\/hr\/proizvod\/medeni-sjaj\/","name":"Medeni sjaj - petras atelier test","isPartOf":{"@id":"https:\/\/test.petrasatelier.com\/wp\/#website"},"primaryImageOfPage":{"@id":"https:\/\/test.petrasatelier.com\/wp\/hr\/proizvod\/medeni-sjaj\/#primaryimage"},"image":{"@id":"https:\/\/test.petrasatelier.com\/wp\/hr\/proizvod\/medeni-sjaj\/#primaryimage"},"thumbnailUrl":"https:\/\/test.petrasatelier.com\/wp\/wp-content\/uploads\/2026\/01\/ogrlica-Medeni-sjaj-secondary.jpg","datePublished":"2026-01-13T16:17:50+00:00","dateModified":"2026-01-13T16:19:15+00:00","breadcrumb":{"@id":"https:\/\/test.petrasatelier.com\/wp\/hr\/proizvod\/medeni-sjaj\/#breadcrumb"},"inLanguage":"en-US","potentialAction":[{"@type":"ReadAction","target":["https:\/\/test.petrasatelier.com\/wp\/hr\/proizvod\/medeni-sjaj\/"]}]},{"@type":"ImageObject","inLanguage":"en-US","@id":"https:\/\/test.petrasatelier.com\/wp\/hr\/proizvod\/medeni-sjaj\/#primaryimage","url":"https:\/\/test.petrasatelier.com\/wp\/wp-content\/uploads\/2026\/01\/ogrlica-Medeni-sjaj-secondary.jpg","contentUrl":"https:\/\/test.petrasatelier.com\/wp\/wp-content\/uploads\/2026\/01\/ogrlica-Medeni-sjaj-secondary.jpg","width":1200,"height":1200,"caption":"Ogrlica Medeni sjaj od staklenih kristala i mjedi"},{"@type":"BreadcrumbList","@id":"https:\/\/test.petrasatelier.com\/wp\/hr\/proizvod\/medeni-sjaj\/#breadcrumb","itemListElement":[{"@type":"ListItem","position":1,"name":"Products","item":"https:\/\/test.petrasatelier.com\/wp\/products\/"},{"@type":"ListItem","position":2,"name":"Ogrlica","item":"https:\/\/test.petrasatelier.com\/wp\/hr\/kategorija-proizvoda\/ogrlica\/"},{"@type":"ListItem","position":3,"name":"Medeni sjaj"}]},{"@type":"WebSite","@id":"https:\/\/test.petrasatelier.com\/wp\/#website","url":"https:\/\/test.petrasatelier.com\/wp\/","name":"petras atelier test","description":"handmade jewelry","publisher":{"@id":"https:\/\/test.petrasatelier.com\/wp\/#organization"},"potentialAction":[{"@type":"SearchAction","target":{"@type":"EntryPoint","urlTemplate":"https:\/\/test.petrasatelier.com\/wp\/?s={search_term_string}"},"query-input":{"@type":"PropertyValueSpecification","valueRequired":true,"valueName":"search_term_string"}}],"inLanguage":"en-US"},{"@type":"Organization","@id":"https:\/\/test.petrasatelier.com\/wp\/#organization","name":"https:\/\/test.petrasatelier.com\/wp\/terms-conditions\/","url":"https:\/\/test.petrasatelier.com\/wp\/","logo":{"@type":"ImageObject","inLanguage":"en-US","@id":"https:\/\/test.petrasatelier.com\/wp\/#\/schema\/logo\/image\/","url":"https:\/\/test.petrasatelier.com\/wp\/wp-content\/uploads\/2022\/08\/favicon.png","contentUrl":"https:\/\/test.petrasatelier.com\/wp\/wp-content\/uploads\/2022\/08\/favicon.png","width":512,"height":512,"caption":"https:\/\/test.petrasatelier.com\/wp\/terms-conditions\/"},"image":{"@id":"https:\/\/test.petrasatelier.com\/wp\/#\/schema\/logo\/image\/"},"sameAs":["https:\/\/www.facebook.com\/Petrasatelier\/","https:\/\/www.instagram.com\/petras_atelier\/?hl=en"]}]}},"lang":"hr","translations":{"hr":2347,"en":2351},"pll_sync_post":[],"_links":{"self":[{"href":"https:\/\/test.petrasatelier.com\/wp\/wp-json\/wp\/v2\/product\/2347","targetHints":{"allow":["GET"]}}],"collection":[{"href":"https:\/\/test.petrasatelier.com\/wp\/wp-json\/wp\/v2\/product"}],"about":[{"href":"https:\/\/test.petrasatelier.com\/wp\/wp-json\/wp\/v2\/types\/product"}],"wp:featuredmedia":[{"embeddable":true,"href":"https:\/\/test.petrasatelier.com\/wp\/wp-json\/wp\/v2\/media\/2349"}],"wp:attachment":[{"href":"https:\/\/test.petrasatelier.com\/wp\/wp-json\/wp\/v2\/media?parent=2347"}],"wp:term":[{"taxonomy":"product_brand","embeddable":true,"href":"https:\/\/test.petrasatelier.com\/wp\/wp-json\/wp\/v2\/product_brand?post=2347"},{"taxonomy":"product_cat","embeddable":true,"href":"https:\/\/test.petrasatelier.com\/wp\/wp-json\/wp\/v2\/product_cat?post=2347"},{"taxonomy":"product_tag","embeddable":true,"href":"https:\/\/test.petrasatelier.com\/wp\/wp-json\/wp\/v2\/product_tag?post=2347"}],"curies":[{"name":"wp","href":"https:\/\/api.w.org\/{rel}","templated":true}]}}